{"id":889,"date":"2018-01-01T08:00:48","date_gmt":"2018-01-01T01:00:48","guid":{"rendered":"http:\/\/masterstudy.stylemixthemes.com\/demo\/?page_id=889"},"modified":"2020-02-26T17:20:39","modified_gmt":"2020-02-26T10:20:39","slug":"gioi-thieu-gia-su-quoc-te","status":"publish","type":"page","link":"https:\/\/giasuquocte.edu.vn\/en\/gioi-thieu-gia-su-quoc-te\/","title":{"rendered":"About Us"},"content":{"rendered":"<p>[vc_row][vc_column width=&#8221;1\/6&#8243;][\/vc_column][vc_column width=&#8221;2\/3&#8243;][vc_column_text]<\/p>\n<p><img loading=\"lazy\" decoding=\"async\" class=\"size-large wp-image-7127\" src=\"https:\/\/giasuquocte.edu.vn\/wp-content\/uploads\/2020\/01\/intertu-education-scaled-1024x771.jpg\" alt=\"intertu-education\" width=\"1024\" height=\"771\" srcset=\"https:\/\/giasuquocte.edu.vn\/wp-content\/uploads\/2020\/01\/intertu-education-scaled-1024x771.jpg 1024w, https:\/\/giasuquocte.edu.vn\/wp-content\/uploads\/2020\/01\/intertu-education-scaled-300x226.jpg 300w\" sizes=\"auto, (max-width: 1024px) 100vw, 1024px\" \/><\/p>\n<p><strong>iTutor was established in 2015, has a long experience in teaching and providing tutors in English for international schools, bilingual schools, integrated schools, exam preparation for international certificates, foreign languages&#8230;<\/strong><\/p>\n<p style=\"text-align: justify;\"><strong>1. Our Courses:<\/strong><\/p>\n<table class=\"about_us\">\n<tbody>\n<tr>\n<th class=\"green_bg white_text\" style=\"text-align: center;\">International Programs and Certificate<\/th>\n<th class=\"blue_bg white_text\" style=\"text-align: center;\">Science Subjects in English and Languages<\/th>\n<th class=\"orange_bg white_text\" style=\"text-align: center;\">Teacher Training Courses<\/th>\n<\/tr>\n<tr>\n<td><a href=\"http:\/\/giasuquocte.edu.vn\/ib\/\">IB<\/a>, <a href=\"http:\/\/giasuquocte.edu.vn\/ib\/\">MYP<\/a>, <a href=\"http:\/\/giasuquocte.edu.vn\/ib\/\">PYP<\/a><\/td>\n<td><a href=\"http:\/\/giasuquocte.edu.vn\/toan-bang-tieng-anh\/\">Math<\/a>, <a href=\"http:\/\/giasuquocte.edu.vn\/ly-bang-tieng-anh\/\">Physics<\/a>, <a href=\"http:\/\/giasuquocte.edu.vn\/hoa-bang-tieng-anh\/\">Chemistry<\/a>, <a href=\"http:\/\/giasuquocte.edu.vn\/sinh-bang-tieng-anh\/\">Biology<\/a><\/td>\n<td>Teaching Math in English<\/td>\n<\/tr>\n<tr>\n<td><a href=\"http:\/\/giasuquocte.edu.vn\/igcse\/\">IGCSE<\/a><\/td>\n<td><a href=\"http:\/\/giasuquocte.edu.vn\/khoa-hoc-bang-tieng-anh\/\">Science<\/a>, <a href=\"http:\/\/giasuquocte.edu.vn\/kinh-te-bang-tieng-anh\/\">Economics<\/a>, Literature<\/td>\n<td>Teaching Physics in English<\/td>\n<\/tr>\n<tr>\n<td><a href=\"http:\/\/giasuquocte.edu.vn\/a-level\/\">A-level<\/a>, <a href=\"http:\/\/giasuquocte.edu.vn\/a-level\/\">AS-level<\/a><\/td>\n<td>Cambridge Sciences for Kids<\/td>\n<td>Teaching Chemistry in English<\/td>\n<\/tr>\n<tr>\n<td><a href=\"http:\/\/giasuquocte.edu.vn\/ap\/\">AP<\/a><\/td>\n<td><a href=\"http:\/\/giasuquocte.edu.vn\/tieng-anh-giao-tiep\/\" target=\"_blank\" rel=\"noopener noreferrer\">Communicative English<\/a>, Business English<\/td>\n<td>Teaching Biology in English<\/td>\n<\/tr>\n<tr>\n<td>SSAT, <a href=\"http:\/\/giasuquocte.edu.vn\/sat\/\">SAT<\/a>, ACT<\/td>\n<td><a href=\"http:\/\/giasuquocte.edu.vn\/tieng-anh-hoc-thuat\/\">Academic English<\/a>, Specialized English<\/td>\n<td>Teaching Science in English<\/td>\n<\/tr>\n<tr>\n<td>GMAT, GRE<\/td>\n<td><a href=\"http:\/\/giasuquocte.edu.vn\/tieng-hoa\/\">Chinese<\/a>, <a href=\"http:\/\/giasuquocte.edu.vn\/tieng-nhat\/\">Japanese<\/a>,\u00a0<a href=\"http:\/\/giasuquocte.edu.vn\/tieng-han\/\">Korean<\/a><\/td>\n<td><\/td>\n<\/tr>\n<tr>\n<td><\/td>\n<td>French, German, Spanish<\/td>\n<td><\/td>\n<\/tr>\n<tr>\n<td><\/td>\n<td>Vietnamese for foreigners<\/td>\n<td><\/td>\n<\/tr>\n<\/tbody>\n<\/table>\n<p><strong>2. Our\u00a0<\/strong><strong>Teachers:<\/strong><\/p>\n<p>\u25cf Lecturers and teachers are teaching at universities, high schools, and international schools.<\/p>\n<p>\u25cf Alumni have completed their bachelor\u2019s, master\u2019s and doctoral degree abroad.<\/p>\n<p><strong>3.\u00a0Teaching Methodology:<\/strong><\/p>\n<p>\u25cf\u00a0<strong>Student-centered teaching method:<\/strong> Face-to-face teaching, and concentrate on problems and knowledge gaps of learners.<\/p>\n<p>\u25cf\u00a0<strong>Enhancing self-reliance and creative thinking:<\/strong>\u00a0Teachers will guide, motivate, and inspire students. Students must actively explore, analyze, and evaluate information.<\/p>\n<p style=\"text-align: right;\"><strong>iTutor<\/strong><\/p>\n<p style=\"text-align: left;\">[\/vc_column_text][\/vc_column][vc_column width=&#8221;1\/6&#8243;][\/vc_column][\/vc_row]<\/p>\n<p><\/p>","protected":false},"excerpt":{"rendered":"<p>[vc_row][vc_column width=&#8221;1\/6&#8243;][\/vc_column][vc_column width=&#8221;2\/3&#8243;][vc_column_text] iTutor was established in 2015, has a long experience in teaching and providing tutors in English for international schools, bilingual schools, integrated schools, exam preparation for international certificates, foreign languages&#8230; 1. Our Courses: International Programs and Certificate Science Subjects in English and Languages Teacher Training Courses IB, MYP, PYP Math, Physics, Chemistry, [&hellip;]<\/p>\n","protected":false},"author":1,"featured_media":0,"parent":0,"menu_order":0,"comment_status":"closed","ping_status":"closed","template":"","meta":{"footnotes":""},"class_list":["post-889","page","type-page","status-publish","hentry"],"yoast_head":"<!-- This site is optimized with the Yoast SEO plugin v18.4.1 - https:\/\/yoast.com\/wordpress\/plugins\/seo\/ -->\n<title>Gia s\u01b0 cho h\u1ecdc sinh tr\u01b0\u1eddng qu\u1ed1c t\u1ebf - D\u1ea1y To\u00e1n L\u00fd H\u00f3a qu\u1ed1c t\u1ebf - iTutor<\/title>\n<meta name=\"description\" content=\"Ch\u01b0\u01a1ng tr\u00ecnh qu\u1ed1c t\u1ebf\u00a0ng\u00e0y c\u00e0ng t\u1ea1o \u0111\u01b0\u1ee3c uy t\u00edn trong h\u1ec7 th\u1ed1ng gi\u00e1o d\u1ee5c Vi\u1ec7t Nam. Nhu c\u1ea7u t\u00ecm ki\u1ebfm\u00a0gia s\u01b0 cho h\u1ecdc sinh tr\u01b0\u1eddng qu\u1ed1c t\u1ebf\u00a0t\u1eeb \u0111\u00f3 t\u0103ng l\u00ean.\" \/>\n<meta name=\"robots\" content=\"index, follow, max-snippet:-1, max-image-preview:large, max-video-preview:-1\" \/>\n<link rel=\"canonical\" href=\"https:\/\/giasuquocte.edu.vn\/gioi-thieu-gia-su-quoc-te\/\" \/>\n<meta property=\"og:locale\" content=\"en_US\" \/>\n<meta property=\"og:type\" content=\"article\" \/>\n<meta property=\"og:title\" content=\"Gia s\u01b0 cho h\u1ecdc sinh tr\u01b0\u1eddng qu\u1ed1c t\u1ebf - D\u1ea1y To\u00e1n L\u00fd H\u00f3a qu\u1ed1c t\u1ebf - iTutor\" \/>\n<meta property=\"og:description\" content=\"Ch\u01b0\u01a1ng tr\u00ecnh qu\u1ed1c t\u1ebf\u00a0ng\u00e0y c\u00e0ng t\u1ea1o \u0111\u01b0\u1ee3c uy t\u00edn trong h\u1ec7 th\u1ed1ng gi\u00e1o d\u1ee5c Vi\u1ec7t Nam. Nhu c\u1ea7u t\u00ecm ki\u1ebfm\u00a0gia s\u01b0 cho h\u1ecdc sinh tr\u01b0\u1eddng qu\u1ed1c t\u1ebf\u00a0t\u1eeb \u0111\u00f3 t\u0103ng l\u00ean.\" \/>\n<meta property=\"og:url\" content=\"https:\/\/giasuquocte.edu.vn\/gioi-thieu-gia-su-quoc-te\/\" \/>\n<meta property=\"og:site_name\" content=\"iTutor\" \/>\n<meta property=\"article:modified_time\" content=\"2020-02-26T10:20:39+00:00\" \/>\n<meta property=\"og:image\" content=\"https:\/\/giasuquocte.edu.vn\/wp-content\/uploads\/2020\/01\/intertu-education-scaled-1024x771.jpg\" \/>\n<meta name=\"twitter:card\" content=\"summary\" \/>\n<meta name=\"twitter:label1\" content=\"Est. reading time\" \/>\n\t<meta name=\"twitter:data1\" content=\"3 minutes\" \/>\n<script type=\"application\/ld+json\" class=\"yoast-schema-graph\">{\"@context\":\"https:\/\/schema.org\",\"@graph\":[{\"@type\":\"WebSite\",\"@id\":\"https:\/\/giasuquocte.edu.vn\/#website\",\"url\":\"https:\/\/giasuquocte.edu.vn\/\",\"name\":\"iTutor\",\"description\":\"Gia S\u01b0 Ch\u01b0\u01a1ng Tr\u00ecnh Qu\u1ed1c T\u1ebf\",\"potentialAction\":[{\"@type\":\"SearchAction\",\"target\":{\"@type\":\"EntryPoint\",\"urlTemplate\":\"https:\/\/giasuquocte.edu.vn\/?s={search_term_string}\"},\"query-input\":\"required name=search_term_string\"}],\"inLanguage\":\"en-US\"},{\"@type\":\"ImageObject\",\"@id\":\"https:\/\/giasuquocte.edu.vn\/gioi-thieu-gia-su-quoc-te\/#primaryimage\",\"inLanguage\":\"en-US\",\"url\":\"https:\/\/giasuquocte.edu.vn\/wp-content\/uploads\/2020\/01\/intertu-education-scaled.jpg\",\"contentUrl\":\"https:\/\/giasuquocte.edu.vn\/wp-content\/uploads\/2020\/01\/intertu-education-scaled.jpg\",\"width\":2560,\"height\":1928,\"caption\":\"Intertu Education\"},{\"@type\":\"WebPage\",\"@id\":\"https:\/\/giasuquocte.edu.vn\/gioi-thieu-gia-su-quoc-te\/#webpage\",\"url\":\"https:\/\/giasuquocte.edu.vn\/gioi-thieu-gia-su-quoc-te\/\",\"name\":\"Gia s\u01b0 cho h\u1ecdc sinh tr\u01b0\u1eddng qu\u1ed1c t\u1ebf - D\u1ea1y To\u00e1n L\u00fd H\u00f3a qu\u1ed1c t\u1ebf - iTutor\",\"isPartOf\":{\"@id\":\"https:\/\/giasuquocte.edu.vn\/#website\"},\"primaryImageOfPage\":{\"@id\":\"https:\/\/giasuquocte.edu.vn\/gioi-thieu-gia-su-quoc-te\/#primaryimage\"},\"datePublished\":\"2018-01-01T01:00:48+00:00\",\"dateModified\":\"2020-02-26T10:20:39+00:00\",\"description\":\"Ch\u01b0\u01a1ng tr\u00ecnh qu\u1ed1c t\u1ebf\u00a0ng\u00e0y c\u00e0ng t\u1ea1o \u0111\u01b0\u1ee3c uy t\u00edn trong h\u1ec7 th\u1ed1ng gi\u00e1o d\u1ee5c Vi\u1ec7t Nam. Nhu c\u1ea7u t\u00ecm ki\u1ebfm\u00a0gia s\u01b0 cho h\u1ecdc sinh tr\u01b0\u1eddng qu\u1ed1c t\u1ebf\u00a0t\u1eeb \u0111\u00f3 t\u0103ng l\u00ean.\",\"breadcrumb\":{\"@id\":\"https:\/\/giasuquocte.edu.vn\/gioi-thieu-gia-su-quoc-te\/#breadcrumb\"},\"inLanguage\":\"en-US\",\"potentialAction\":[{\"@type\":\"ReadAction\",\"target\":[\"https:\/\/giasuquocte.edu.vn\/gioi-thieu-gia-su-quoc-te\/\"]}]},{\"@type\":\"BreadcrumbList\",\"@id\":\"https:\/\/giasuquocte.edu.vn\/gioi-thieu-gia-su-quoc-te\/#breadcrumb\",\"itemListElement\":[{\"@type\":\"ListItem\",\"position\":1,\"name\":\"Trang ch\u1ee7\",\"item\":\"https:\/\/giasuquocte.edu.vn\/\"},{\"@type\":\"ListItem\",\"position\":2,\"name\":\"V\u1ec1 ch\u00fang t\u00f4i\"}]}]}<\/script>\n<!-- \/ Yoast SEO plugin. -->","yoast_head_json":{"title":"Gia s\u01b0 cho h\u1ecdc sinh tr\u01b0\u1eddng qu\u1ed1c t\u1ebf - D\u1ea1y To\u00e1n L\u00fd H\u00f3a qu\u1ed1c t\u1ebf - iTutor","description":"Ch\u01b0\u01a1ng tr\u00ecnh qu\u1ed1c t\u1ebf\u00a0ng\u00e0y c\u00e0ng t\u1ea1o \u0111\u01b0\u1ee3c uy t\u00edn trong h\u1ec7 th\u1ed1ng gi\u00e1o d\u1ee5c Vi\u1ec7t Nam. Nhu c\u1ea7u t\u00ecm ki\u1ebfm\u00a0gia s\u01b0 cho h\u1ecdc sinh tr\u01b0\u1eddng qu\u1ed1c t\u1ebf\u00a0t\u1eeb \u0111\u00f3 t\u0103ng l\u00ean.","robots":{"index":"index","follow":"follow","max-snippet":"max-snippet:-1","max-image-preview":"max-image-preview:large","max-video-preview":"max-video-preview:-1"},"canonical":"https:\/\/giasuquocte.edu.vn\/gioi-thieu-gia-su-quoc-te\/","og_locale":"en_US","og_type":"article","og_title":"Gia s\u01b0 cho h\u1ecdc sinh tr\u01b0\u1eddng qu\u1ed1c t\u1ebf - D\u1ea1y To\u00e1n L\u00fd H\u00f3a qu\u1ed1c t\u1ebf - iTutor","og_description":"Ch\u01b0\u01a1ng tr\u00ecnh qu\u1ed1c t\u1ebf\u00a0ng\u00e0y c\u00e0ng t\u1ea1o \u0111\u01b0\u1ee3c uy t\u00edn trong h\u1ec7 th\u1ed1ng gi\u00e1o d\u1ee5c Vi\u1ec7t Nam. Nhu c\u1ea7u t\u00ecm ki\u1ebfm\u00a0gia s\u01b0 cho h\u1ecdc sinh tr\u01b0\u1eddng qu\u1ed1c t\u1ebf\u00a0t\u1eeb \u0111\u00f3 t\u0103ng l\u00ean.","og_url":"https:\/\/giasuquocte.edu.vn\/gioi-thieu-gia-su-quoc-te\/","og_site_name":"iTutor","article_modified_time":"2020-02-26T10:20:39+00:00","og_image":[{"url":"https:\/\/giasuquocte.edu.vn\/wp-content\/uploads\/2020\/01\/intertu-education-scaled-1024x771.jpg"}],"twitter_card":"summary","twitter_misc":{"Est. reading time":"3 minutes"},"schema":{"@context":"https:\/\/schema.org","@graph":[{"@type":"WebSite","@id":"https:\/\/giasuquocte.edu.vn\/#website","url":"https:\/\/giasuquocte.edu.vn\/","name":"iTutor","description":"Gia S\u01b0 Ch\u01b0\u01a1ng Tr\u00ecnh Qu\u1ed1c T\u1ebf","potentialAction":[{"@type":"SearchAction","target":{"@type":"EntryPoint","urlTemplate":"https:\/\/giasuquocte.edu.vn\/?s={search_term_string}"},"query-input":"required name=search_term_string"}],"inLanguage":"en-US"},{"@type":"ImageObject","@id":"https:\/\/giasuquocte.edu.vn\/gioi-thieu-gia-su-quoc-te\/#primaryimage","inLanguage":"en-US","url":"https:\/\/giasuquocte.edu.vn\/wp-content\/uploads\/2020\/01\/intertu-education-scaled.jpg","contentUrl":"https:\/\/giasuquocte.edu.vn\/wp-content\/uploads\/2020\/01\/intertu-education-scaled.jpg","width":2560,"height":1928,"caption":"Intertu Education"},{"@type":"WebPage","@id":"https:\/\/giasuquocte.edu.vn\/gioi-thieu-gia-su-quoc-te\/#webpage","url":"https:\/\/giasuquocte.edu.vn\/gioi-thieu-gia-su-quoc-te\/","name":"Gia s\u01b0 cho h\u1ecdc sinh tr\u01b0\u1eddng qu\u1ed1c t\u1ebf - D\u1ea1y To\u00e1n L\u00fd H\u00f3a qu\u1ed1c t\u1ebf - iTutor","isPartOf":{"@id":"https:\/\/giasuquocte.edu.vn\/#website"},"primaryImageOfPage":{"@id":"https:\/\/giasuquocte.edu.vn\/gioi-thieu-gia-su-quoc-te\/#primaryimage"},"datePublished":"2018-01-01T01:00:48+00:00","dateModified":"2020-02-26T10:20:39+00:00","description":"Ch\u01b0\u01a1ng tr\u00ecnh qu\u1ed1c t\u1ebf\u00a0ng\u00e0y c\u00e0ng t\u1ea1o \u0111\u01b0\u1ee3c uy t\u00edn trong h\u1ec7 th\u1ed1ng gi\u00e1o d\u1ee5c Vi\u1ec7t Nam. Nhu c\u1ea7u t\u00ecm ki\u1ebfm\u00a0gia s\u01b0 cho h\u1ecdc sinh tr\u01b0\u1eddng qu\u1ed1c t\u1ebf\u00a0t\u1eeb \u0111\u00f3 t\u0103ng l\u00ean.","breadcrumb":{"@id":"https:\/\/giasuquocte.edu.vn\/gioi-thieu-gia-su-quoc-te\/#breadcrumb"},"inLanguage":"en-US","potentialAction":[{"@type":"ReadAction","target":["https:\/\/giasuquocte.edu.vn\/gioi-thieu-gia-su-quoc-te\/"]}]},{"@type":"BreadcrumbList","@id":"https:\/\/giasuquocte.edu.vn\/gioi-thieu-gia-su-quoc-te\/#breadcrumb","itemListElement":[{"@type":"ListItem","position":1,"name":"Trang ch\u1ee7","item":"https:\/\/giasuquocte.edu.vn\/"},{"@type":"ListItem","position":2,"name":"V\u1ec1 ch\u00fang t\u00f4i"}]}]}},"_links":{"self":[{"href":"https:\/\/giasuquocte.edu.vn\/en\/wp-json\/wp\/v2\/pages\/889","targetHints":{"allow":["GET"]}}],"collection":[{"href":"https:\/\/giasuquocte.edu.vn\/en\/wp-json\/wp\/v2\/pages"}],"about":[{"href":"https:\/\/giasuquocte.edu.vn\/en\/wp-json\/wp\/v2\/types\/page"}],"author":[{"embeddable":true,"href":"https:\/\/giasuquocte.edu.vn\/en\/wp-json\/wp\/v2\/users\/1"}],"replies":[{"embeddable":true,"href":"https:\/\/giasuquocte.edu.vn\/en\/wp-json\/wp\/v2\/comments?post=889"}],"version-history":[{"count":11,"href":"https:\/\/giasuquocte.edu.vn\/en\/wp-json\/wp\/v2\/pages\/889\/revisions"}],"predecessor-version":[{"id":7441,"href":"https:\/\/giasuquocte.edu.vn\/en\/wp-json\/wp\/v2\/pages\/889\/revisions\/7441"}],"wp:attachment":[{"href":"https:\/\/giasuquocte.edu.vn\/en\/wp-json\/wp\/v2\/media?parent=889"}],"curies":[{"name":"wp","href":"https:\/\/api.w.org\/{rel}","templated":true}]}}