{"id":848,"date":"2015-07-01T07:16:03","date_gmt":"2015-07-01T07:16:03","guid":{"rendered":"http:\/\/masterstudy.stylemixthemes.com\/demo\/?page_id=848"},"modified":"2020-01-13T16:04:44","modified_gmt":"2020-01-13T09:04:44","slug":"tam-nhin-su-menh","status":"publish","type":"page","link":"https:\/\/giasuquocte.edu.vn\/en\/tam-nhin-su-menh\/","title":{"rendered":"Vision &#8211; Mission"},"content":{"rendered":"<p><\/p>\n<p style=\"text-align: justify;\">[vc_row][vc_column width=&#8221;1\/6&#8243;][\/vc_column][vc_column width=&#8221;2\/3&#8243;][vc_column_text]<\/p>\n<p><img loading=\"lazy\" decoding=\"async\" class=\"size-large wp-image-7181 aligncenter\" src=\"https:\/\/giasuquocte.edu.vn\/wp-content\/uploads\/2020\/01\/gia-su-quoc-te-scaled-1024x768.jpg\" alt=\"gia-su-quoc-te\" width=\"1024\" height=\"768\" srcset=\"https:\/\/giasuquocte.edu.vn\/wp-content\/uploads\/2020\/01\/gia-su-quoc-te-scaled-1024x768.jpg 1024w, https:\/\/giasuquocte.edu.vn\/wp-content\/uploads\/2020\/01\/gia-su-quoc-te-scaled-300x225.jpg 300w\" sizes=\"auto, (max-width: 1024px) 100vw, 1024px\" \/><\/p>\n<p><strong>1. Our vision:<\/strong><\/p>\n<ul>\n<li>Study and develop the <a href=\"https:\/\/giasuquocte.edu.vn\/gioi-thieu-gia-su-quoc-te\/\">teaching of subjects in English<\/a>.<\/li>\n<li>Explore and create new teaching methods and models.<\/li>\n<li>Develop ourselves from a supplementary learning center into a training center resembling an <a href=\"https:\/\/giasuquocte.edu.vn\/\">international school<\/a>.<\/li>\n<\/ul>\n<p style=\"text-align: justify;\"><strong>2. Our mission:<\/strong><\/p>\n<ul>\n<li>We serve as a bridge between learners and teachers who learn and <a href=\"https:\/\/intertu.edu.vn\/gioi-thieu-intertu\/\">teach the subjects in English<\/a>.<\/li>\n<li>We enrich knowledge of students and ensure their learning outcomes.<\/li>\n<li>We create opportunities for students to achieve their goals (scholarship, studying abroad, future career).<\/li>\n<\/ul>\n<p style=\"text-align: right;\"><strong>iTutor<\/strong><\/p>\n<p style=\"text-align: left;\">[\/vc_column_text][\/vc_column][vc_column width=&#8221;1\/6&#8243;][\/vc_column][\/vc_row]<\/p>\n<p><\/p>","protected":false},"excerpt":{"rendered":"<p>[vc_row][vc_column width=&#8221;1\/6&#8243;][\/vc_column][vc_column width=&#8221;2\/3&#8243;][vc_column_text] 1. Our vision: Study and develop the teaching of subjects in English. Explore and create new teaching methods and models. Develop ourselves from a supplementary learning center into a training center resembling an international school. 2. Our mission: We serve as a bridge between learners and teachers who learn and teach the [&hellip;]<\/p>\n","protected":false},"author":1,"featured_media":0,"parent":0,"menu_order":0,"comment_status":"closed","ping_status":"closed","template":"","meta":{"footnotes":""},"class_list":["post-848","page","type-page","status-publish","hentry"],"yoast_head":"<!-- This site is optimized with the Yoast SEO plugin v18.4.1 - https:\/\/yoast.com\/wordpress\/plugins\/seo\/ -->\n<title>T\u1ea7m nh\u00ecn - S\u1ee9 m\u1ec7nh - Gia s\u01b0 h\u1ecdc sinh tr\u01b0\u1eddng qu\u1ed1c t\u1ebf - iTutor<\/title>\n<meta name=\"description\" content=\"1. T\u1ea7m nh\u00ecn:- \u00a0\u00a0\u00a0\u00a0\u00a0\u00a0\u00a0\u00a0\u00a0Nghi\u00ean c\u1ee9u v\u00e0 ph\u00e1t tri\u1ec3n vi\u1ec7c d\u1ea1y c\u00e1c m\u00f4n h\u1ecdc b\u1eb1ng ti\u1ebfng Anh.- \u00a0\u00a0\u00a0\u00a0\u00a0\u00a0\u00a0\u00a0\u00a0Tr\u1edf th\u00e0nh d\u1ecbch v\u1ee5 gia s\u01b0 h\u00e0ng \u0111\u1ea7u gi\u00fap h\u1ecdc vi\u00ean b\u1ed5 tr\u1ee3 ki\u1ebfn th\u1ee9c b\u1eb1ng ti\u1ebfng Anh.- \u00a0\u00a0\u00a0\u00a0\u00a0\u00a0\u00a0\u00a0\u00a0Lu\u00f4n t\u00ecm t\u00f2i v\u00e0 s\u00e1ng t\u1ea1o c\u00e1c ph\u01b0\u01a1ng ph\u00e1p gi\u1ea3ng d\u1ea1y v\u00e0 h\u1ec7 th\u1ed1ng gi\u00e1o d\u1ee5c m\u1edbi.\" \/>\n<meta name=\"robots\" content=\"index, follow, max-snippet:-1, max-image-preview:large, max-video-preview:-1\" \/>\n<link rel=\"canonical\" href=\"https:\/\/giasuquocte.edu.vn\/tam-nhin-su-menh\/\" \/>\n<meta property=\"og:locale\" content=\"en_US\" \/>\n<meta property=\"og:type\" content=\"article\" \/>\n<meta property=\"og:title\" content=\"T\u1ea7m nh\u00ecn - S\u1ee9 m\u1ec7nh - Gia s\u01b0 h\u1ecdc sinh tr\u01b0\u1eddng qu\u1ed1c t\u1ebf - iTutor\" \/>\n<meta property=\"og:description\" content=\"1. T\u1ea7m nh\u00ecn:- \u00a0\u00a0\u00a0\u00a0\u00a0\u00a0\u00a0\u00a0\u00a0Nghi\u00ean c\u1ee9u v\u00e0 ph\u00e1t tri\u1ec3n vi\u1ec7c d\u1ea1y c\u00e1c m\u00f4n h\u1ecdc b\u1eb1ng ti\u1ebfng Anh.- \u00a0\u00a0\u00a0\u00a0\u00a0\u00a0\u00a0\u00a0\u00a0Tr\u1edf th\u00e0nh d\u1ecbch v\u1ee5 gia s\u01b0 h\u00e0ng \u0111\u1ea7u gi\u00fap h\u1ecdc vi\u00ean b\u1ed5 tr\u1ee3 ki\u1ebfn th\u1ee9c b\u1eb1ng ti\u1ebfng Anh.- \u00a0\u00a0\u00a0\u00a0\u00a0\u00a0\u00a0\u00a0\u00a0Lu\u00f4n t\u00ecm t\u00f2i v\u00e0 s\u00e1ng t\u1ea1o c\u00e1c ph\u01b0\u01a1ng ph\u00e1p gi\u1ea3ng d\u1ea1y v\u00e0 h\u1ec7 th\u1ed1ng gi\u00e1o d\u1ee5c m\u1edbi.\" \/>\n<meta property=\"og:url\" content=\"https:\/\/giasuquocte.edu.vn\/tam-nhin-su-menh\/\" \/>\n<meta property=\"og:site_name\" content=\"iTutor\" \/>\n<meta property=\"article:modified_time\" content=\"2020-01-13T09:04:44+00:00\" \/>\n<meta property=\"og:image\" content=\"https:\/\/giasuquocte.edu.vn\/wp-content\/uploads\/2020\/01\/gia-su-quoc-te-scaled-1024x768.jpg\" \/>\n<meta name=\"twitter:card\" content=\"summary\" \/>\n<meta name=\"twitter:label1\" content=\"Est. reading time\" \/>\n\t<meta name=\"twitter:data1\" content=\"2 minutes\" \/>\n<script type=\"application\/ld+json\" class=\"yoast-schema-graph\">{\"@context\":\"https:\/\/schema.org\",\"@graph\":[{\"@type\":\"WebSite\",\"@id\":\"https:\/\/giasuquocte.edu.vn\/#website\",\"url\":\"https:\/\/giasuquocte.edu.vn\/\",\"name\":\"iTutor\",\"description\":\"Gia S\u01b0 Ch\u01b0\u01a1ng Tr\u00ecnh Qu\u1ed1c T\u1ebf\",\"potentialAction\":[{\"@type\":\"SearchAction\",\"target\":{\"@type\":\"EntryPoint\",\"urlTemplate\":\"https:\/\/giasuquocte.edu.vn\/?s={search_term_string}\"},\"query-input\":\"required name=search_term_string\"}],\"inLanguage\":\"en-US\"},{\"@type\":\"ImageObject\",\"@id\":\"https:\/\/giasuquocte.edu.vn\/tam-nhin-su-menh\/#primaryimage\",\"inLanguage\":\"en-US\",\"url\":\"https:\/\/giasuquocte.edu.vn\/wp-content\/uploads\/2020\/01\/gia-su-quoc-te-scaled.jpg\",\"contentUrl\":\"https:\/\/giasuquocte.edu.vn\/wp-content\/uploads\/2020\/01\/gia-su-quoc-te-scaled.jpg\",\"width\":2560,\"height\":1920,\"caption\":\"Gia s\u01b0 Qu\u1ed1c t\u1ebf\"},{\"@type\":\"WebPage\",\"@id\":\"https:\/\/giasuquocte.edu.vn\/tam-nhin-su-menh\/#webpage\",\"url\":\"https:\/\/giasuquocte.edu.vn\/tam-nhin-su-menh\/\",\"name\":\"T\u1ea7m nh\u00ecn - S\u1ee9 m\u1ec7nh - Gia s\u01b0 h\u1ecdc sinh tr\u01b0\u1eddng qu\u1ed1c t\u1ebf - iTutor\",\"isPartOf\":{\"@id\":\"https:\/\/giasuquocte.edu.vn\/#website\"},\"primaryImageOfPage\":{\"@id\":\"https:\/\/giasuquocte.edu.vn\/tam-nhin-su-menh\/#primaryimage\"},\"datePublished\":\"2015-07-01T07:16:03+00:00\",\"dateModified\":\"2020-01-13T09:04:44+00:00\",\"description\":\"1. T\u1ea7m nh\u00ecn:- \u00a0\u00a0\u00a0\u00a0\u00a0\u00a0\u00a0\u00a0\u00a0Nghi\u00ean c\u1ee9u v\u00e0 ph\u00e1t tri\u1ec3n vi\u1ec7c d\u1ea1y c\u00e1c m\u00f4n h\u1ecdc b\u1eb1ng ti\u1ebfng Anh.- \u00a0\u00a0\u00a0\u00a0\u00a0\u00a0\u00a0\u00a0\u00a0Tr\u1edf th\u00e0nh d\u1ecbch v\u1ee5 gia s\u01b0 h\u00e0ng \u0111\u1ea7u gi\u00fap h\u1ecdc vi\u00ean b\u1ed5 tr\u1ee3 ki\u1ebfn th\u1ee9c b\u1eb1ng ti\u1ebfng Anh.- \u00a0\u00a0\u00a0\u00a0\u00a0\u00a0\u00a0\u00a0\u00a0Lu\u00f4n t\u00ecm t\u00f2i v\u00e0 s\u00e1ng t\u1ea1o c\u00e1c ph\u01b0\u01a1ng ph\u00e1p gi\u1ea3ng d\u1ea1y v\u00e0 h\u1ec7 th\u1ed1ng gi\u00e1o d\u1ee5c m\u1edbi.\",\"breadcrumb\":{\"@id\":\"https:\/\/giasuquocte.edu.vn\/tam-nhin-su-menh\/#breadcrumb\"},\"inLanguage\":\"en-US\",\"potentialAction\":[{\"@type\":\"ReadAction\",\"target\":[\"https:\/\/giasuquocte.edu.vn\/tam-nhin-su-menh\/\"]}]},{\"@type\":\"BreadcrumbList\",\"@id\":\"https:\/\/giasuquocte.edu.vn\/tam-nhin-su-menh\/#breadcrumb\",\"itemListElement\":[{\"@type\":\"ListItem\",\"position\":1,\"name\":\"Trang ch\u1ee7\",\"item\":\"https:\/\/giasuquocte.edu.vn\/\"},{\"@type\":\"ListItem\",\"position\":2,\"name\":\"T\u1ea7m nh\u00ecn &#8211; S\u1ee9 m\u1ec7nh\"}]}]}<\/script>\n<!-- \/ Yoast SEO plugin. -->","yoast_head_json":{"title":"T\u1ea7m nh\u00ecn - S\u1ee9 m\u1ec7nh - Gia s\u01b0 h\u1ecdc sinh tr\u01b0\u1eddng qu\u1ed1c t\u1ebf - iTutor","description":"1. T\u1ea7m nh\u00ecn:- \u00a0\u00a0\u00a0\u00a0\u00a0\u00a0\u00a0\u00a0\u00a0Nghi\u00ean c\u1ee9u v\u00e0 ph\u00e1t tri\u1ec3n vi\u1ec7c d\u1ea1y c\u00e1c m\u00f4n h\u1ecdc b\u1eb1ng ti\u1ebfng Anh.- \u00a0\u00a0\u00a0\u00a0\u00a0\u00a0\u00a0\u00a0\u00a0Tr\u1edf th\u00e0nh d\u1ecbch v\u1ee5 gia s\u01b0 h\u00e0ng \u0111\u1ea7u gi\u00fap h\u1ecdc vi\u00ean b\u1ed5 tr\u1ee3 ki\u1ebfn th\u1ee9c b\u1eb1ng ti\u1ebfng Anh.- \u00a0\u00a0\u00a0\u00a0\u00a0\u00a0\u00a0\u00a0\u00a0Lu\u00f4n t\u00ecm t\u00f2i v\u00e0 s\u00e1ng t\u1ea1o c\u00e1c ph\u01b0\u01a1ng ph\u00e1p gi\u1ea3ng d\u1ea1y v\u00e0 h\u1ec7 th\u1ed1ng gi\u00e1o d\u1ee5c m\u1edbi.","robots":{"index":"index","follow":"follow","max-snippet":"max-snippet:-1","max-image-preview":"max-image-preview:large","max-video-preview":"max-video-preview:-1"},"canonical":"https:\/\/giasuquocte.edu.vn\/tam-nhin-su-menh\/","og_locale":"en_US","og_type":"article","og_title":"T\u1ea7m nh\u00ecn - S\u1ee9 m\u1ec7nh - Gia s\u01b0 h\u1ecdc sinh tr\u01b0\u1eddng qu\u1ed1c t\u1ebf - iTutor","og_description":"1. T\u1ea7m nh\u00ecn:- \u00a0\u00a0\u00a0\u00a0\u00a0\u00a0\u00a0\u00a0\u00a0Nghi\u00ean c\u1ee9u v\u00e0 ph\u00e1t tri\u1ec3n vi\u1ec7c d\u1ea1y c\u00e1c m\u00f4n h\u1ecdc b\u1eb1ng ti\u1ebfng Anh.- \u00a0\u00a0\u00a0\u00a0\u00a0\u00a0\u00a0\u00a0\u00a0Tr\u1edf th\u00e0nh d\u1ecbch v\u1ee5 gia s\u01b0 h\u00e0ng \u0111\u1ea7u gi\u00fap h\u1ecdc vi\u00ean b\u1ed5 tr\u1ee3 ki\u1ebfn th\u1ee9c b\u1eb1ng ti\u1ebfng Anh.- \u00a0\u00a0\u00a0\u00a0\u00a0\u00a0\u00a0\u00a0\u00a0Lu\u00f4n t\u00ecm t\u00f2i v\u00e0 s\u00e1ng t\u1ea1o c\u00e1c ph\u01b0\u01a1ng ph\u00e1p gi\u1ea3ng d\u1ea1y v\u00e0 h\u1ec7 th\u1ed1ng gi\u00e1o d\u1ee5c m\u1edbi.","og_url":"https:\/\/giasuquocte.edu.vn\/tam-nhin-su-menh\/","og_site_name":"iTutor","article_modified_time":"2020-01-13T09:04:44+00:00","og_image":[{"url":"https:\/\/giasuquocte.edu.vn\/wp-content\/uploads\/2020\/01\/gia-su-quoc-te-scaled-1024x768.jpg"}],"twitter_card":"summary","twitter_misc":{"Est. reading time":"2 minutes"},"schema":{"@context":"https:\/\/schema.org","@graph":[{"@type":"WebSite","@id":"https:\/\/giasuquocte.edu.vn\/#website","url":"https:\/\/giasuquocte.edu.vn\/","name":"iTutor","description":"Gia S\u01b0 Ch\u01b0\u01a1ng Tr\u00ecnh Qu\u1ed1c T\u1ebf","potentialAction":[{"@type":"SearchAction","target":{"@type":"EntryPoint","urlTemplate":"https:\/\/giasuquocte.edu.vn\/?s={search_term_string}"},"query-input":"required name=search_term_string"}],"inLanguage":"en-US"},{"@type":"ImageObject","@id":"https:\/\/giasuquocte.edu.vn\/tam-nhin-su-menh\/#primaryimage","inLanguage":"en-US","url":"https:\/\/giasuquocte.edu.vn\/wp-content\/uploads\/2020\/01\/gia-su-quoc-te-scaled.jpg","contentUrl":"https:\/\/giasuquocte.edu.vn\/wp-content\/uploads\/2020\/01\/gia-su-quoc-te-scaled.jpg","width":2560,"height":1920,"caption":"Gia s\u01b0 Qu\u1ed1c t\u1ebf"},{"@type":"WebPage","@id":"https:\/\/giasuquocte.edu.vn\/tam-nhin-su-menh\/#webpage","url":"https:\/\/giasuquocte.edu.vn\/tam-nhin-su-menh\/","name":"T\u1ea7m nh\u00ecn - S\u1ee9 m\u1ec7nh - Gia s\u01b0 h\u1ecdc sinh tr\u01b0\u1eddng qu\u1ed1c t\u1ebf - iTutor","isPartOf":{"@id":"https:\/\/giasuquocte.edu.vn\/#website"},"primaryImageOfPage":{"@id":"https:\/\/giasuquocte.edu.vn\/tam-nhin-su-menh\/#primaryimage"},"datePublished":"2015-07-01T07:16:03+00:00","dateModified":"2020-01-13T09:04:44+00:00","description":"1. T\u1ea7m nh\u00ecn:- \u00a0\u00a0\u00a0\u00a0\u00a0\u00a0\u00a0\u00a0\u00a0Nghi\u00ean c\u1ee9u v\u00e0 ph\u00e1t tri\u1ec3n vi\u1ec7c d\u1ea1y c\u00e1c m\u00f4n h\u1ecdc b\u1eb1ng ti\u1ebfng Anh.- \u00a0\u00a0\u00a0\u00a0\u00a0\u00a0\u00a0\u00a0\u00a0Tr\u1edf th\u00e0nh d\u1ecbch v\u1ee5 gia s\u01b0 h\u00e0ng \u0111\u1ea7u gi\u00fap h\u1ecdc vi\u00ean b\u1ed5 tr\u1ee3 ki\u1ebfn th\u1ee9c b\u1eb1ng ti\u1ebfng Anh.- \u00a0\u00a0\u00a0\u00a0\u00a0\u00a0\u00a0\u00a0\u00a0Lu\u00f4n t\u00ecm t\u00f2i v\u00e0 s\u00e1ng t\u1ea1o c\u00e1c ph\u01b0\u01a1ng ph\u00e1p gi\u1ea3ng d\u1ea1y v\u00e0 h\u1ec7 th\u1ed1ng gi\u00e1o d\u1ee5c m\u1edbi.","breadcrumb":{"@id":"https:\/\/giasuquocte.edu.vn\/tam-nhin-su-menh\/#breadcrumb"},"inLanguage":"en-US","potentialAction":[{"@type":"ReadAction","target":["https:\/\/giasuquocte.edu.vn\/tam-nhin-su-menh\/"]}]},{"@type":"BreadcrumbList","@id":"https:\/\/giasuquocte.edu.vn\/tam-nhin-su-menh\/#breadcrumb","itemListElement":[{"@type":"ListItem","position":1,"name":"Trang ch\u1ee7","item":"https:\/\/giasuquocte.edu.vn\/"},{"@type":"ListItem","position":2,"name":"T\u1ea7m nh\u00ecn &#8211; S\u1ee9 m\u1ec7nh"}]}]}},"_links":{"self":[{"href":"https:\/\/giasuquocte.edu.vn\/en\/wp-json\/wp\/v2\/pages\/848","targetHints":{"allow":["GET"]}}],"collection":[{"href":"https:\/\/giasuquocte.edu.vn\/en\/wp-json\/wp\/v2\/pages"}],"about":[{"href":"https:\/\/giasuquocte.edu.vn\/en\/wp-json\/wp\/v2\/types\/page"}],"author":[{"embeddable":true,"href":"https:\/\/giasuquocte.edu.vn\/en\/wp-json\/wp\/v2\/users\/1"}],"replies":[{"embeddable":true,"href":"https:\/\/giasuquocte.edu.vn\/en\/wp-json\/wp\/v2\/comments?post=848"}],"version-history":[{"count":1,"href":"https:\/\/giasuquocte.edu.vn\/en\/wp-json\/wp\/v2\/pages\/848\/revisions"}],"predecessor-version":[{"id":7183,"href":"https:\/\/giasuquocte.edu.vn\/en\/wp-json\/wp\/v2\/pages\/848\/revisions\/7183"}],"wp:attachment":[{"href":"https:\/\/giasuquocte.edu.vn\/en\/wp-json\/wp\/v2\/media?parent=848"}],"curies":[{"name":"wp","href":"https:\/\/api.w.org\/{rel}","templated":true}]}}