{"id":1609,"date":"2016-01-23T11:36:44","date_gmt":"2016-01-23T11:36:44","guid":{"rendered":"http:\/\/www.giasuquocte.edu.vn\/?page_id=1609"},"modified":"2016-08-23T14:51:44","modified_gmt":"2016-08-23T07:51:44","slug":"dang-ky-khoa-hoc","status":"publish","type":"page","link":"https:\/\/giasuquocte.edu.vn\/en\/dang-ky-khoa-hoc\/","title":{"rendered":"Course Registration"},"content":{"rendered":"<p><!-- Begin MailChimp Signup Form --><\/p>\n<div id=\"mc_embed_signup\">\n<form id=\"mc-embedded-subscribe-form\" class=\"validate\" style=\"border-style: groove;\" action=\"\/\/giasuquocte.us12.list-manage.com\/subscribe\/post?u=6cf62aae5af31e5d3ea78f142&amp;id=13ec7c0a29\" method=\"post\" name=\"mc-embedded-subscribe-form\" novalidate=\"\" target=\"_blank\">\n<div id=\"mc_embed_signup_scroll\">\n<h2 style=\"color: green; text-align: center;\">COURSE REGISTRATION<\/h2>\n<div class=\"indicates-required\"><span class=\"asterisk\">*<\/span>\u00a0Indicates required<\/div>\n<div class=\"mc-field-group\"><label for=\"mce-FNAME\">Student\u2019s name <span class=\"asterisk\">*<\/span><br \/>\n<\/label><br \/>\n<input id=\"mce-FNAME\" class=\"required\" name=\"FNAME\" type=\"text\" value=\"\" \/><\/div>\n<div class=\"mc-field-group input-group\">\n<p><strong>Sexual <\/strong><\/p>\n<ul>\n<li><input id=\"mce-MMERGE7-0\" name=\"MMERGE7\" type=\"radio\" value=\"Male\" \/><label for=\"mce-MMERGE7-0\">Male<\/label><\/li>\n<li><input id=\"mce-MMERGE7-1\" name=\"MMERGE7\" type=\"radio\" value=\"Female\" \/><label for=\"mce-MMERGE7-1\">Female<\/label><\/li>\n<\/ul>\n<\/div>\n<div class=\"mc-field-group\"><label for=\"mce-MMERGE8\">School <\/label><br \/>\n<input id=\"mce-MMERGE8\" class=\"\" name=\"MMERGE8\" type=\"text\" value=\"\" \/><\/div>\n<div class=\"mc-field-group\"><label for=\"mce-LNAME\">Parent\u2019s name <span class=\"asterisk\">*<\/span><br \/>\n<\/label><br \/>\n<input id=\"mce-LNAME\" class=\"required\" name=\"LNAME\" type=\"text\" value=\"\" \/><\/div>\n<div class=\"mc-field-group\"><label for=\"mce-EMAIL\">Email address <span class=\"asterisk\">*<\/span><br \/>\n<\/label><br \/>\n<input id=\"mce-EMAIL\" class=\"required email\" name=\"EMAIL\" type=\"email\" value=\"\" \/><\/div>\n<div class=\"mc-field-group\"><label for=\"mce-MMERGE3\">Home address <span class=\"asterisk\">*<\/span><br \/>\n<\/label><br \/>\n<input id=\"mce-MMERGE3\" class=\"required\" name=\"MMERGE3\" type=\"text\" value=\"\" \/><\/div>\n<div class=\"mc-field-group size1of2\"><label for=\"mce-MMERGE9\">Phone <span class=\"asterisk\">*<\/span><br \/>\n<\/label><br \/>\n<input id=\"mce-MMERGE9\" class=\"required\" name=\"MMERGE9\" type=\"text\" value=\"\" \/><\/div>\n<div class=\"mc-field-group\"><label for=\"mce-MMERGE5\">Kind of Studying <span class=\"asterisk\">*<\/span><br \/>\n<\/label><br \/>\n<select id=\"mce-MMERGE5\" class=\"required\" name=\"MMERGE5\"><option value=\"\"><\/option><option value=\"Learning in group\">Learning in group<\/option><option value=\"one to one\">one to one<\/option><option value=\"Home tutoring\">Home tutoring<\/option><\/select><\/div>\n<div class=\"mc-field-group input-group\">\n<p><strong>Scientific Subjects <\/strong><\/p>\n<ul>\n<li><input id=\"mce-group[8677]-8677-0\" name=\"group[8677][524288]\" type=\"checkbox\" value=\"524288\" \/><label for=\"mce-group[8677]-8677-0\">Maths<\/label><\/li>\n<li><input id=\"mce-group[8677]-8677-1\" name=\"group[8677][1048576]\" type=\"checkbox\" value=\"1048576\" \/><label for=\"mce-group[8677]-8677-1\">Physics<\/label><\/li>\n<li><input id=\"mce-group[8677]-8677-2\" name=\"group[8677][2097152]\" type=\"checkbox\" value=\"2097152\" \/><label for=\"mce-group[8677]-8677-2\">Chemistry<\/label><\/li>\n<li><input id=\"mce-group[8677]-8677-3\" name=\"group[8677][4194304]\" type=\"checkbox\" value=\"4194304\" \/><label for=\"mce-group[8677]-8677-3\">Biology<\/label><\/li>\n<li><input id=\"mce-group[8677]-8677-4\" name=\"group[8677][8388608]\" type=\"checkbox\" value=\"8388608\" \/><label for=\"mce-group[8677]-8677-4\">Science<\/label><\/li>\n<li><input id=\"mce-group[8677]-8677-4\" name=\"group[8677][8388608]\" type=\"checkbox\" value=\"8388608\" \/><label for=\"mce-group[8677]-8677-4\">Economics<\/label><\/li>\n<\/ul>\n<\/div>\n<div class=\"mc-field-group input-group\">\n<p><strong>Foreign Languages <\/strong><\/p>\n<ul>\n<li><input id=\"mce-group[8681]-8681-0\" name=\"group[8681][16777216]\" type=\"checkbox\" value=\"16777216\" \/><label for=\"mce-group[8681]-8681-0\">Communicative English<\/label><\/li>\n<li><input id=\"mce-group[8681]-8681-1\" name=\"group[8681][33554432]\" type=\"checkbox\" value=\"33554432\" \/><label for=\"mce-group[8681]-8681-1\">Academic English<\/label><\/li>\n<li><input id=\"mce-group[8681]-8681-2\" name=\"group[8681][67108864]\" type=\"checkbox\" value=\"67108864\" \/><label for=\"mce-group[8681]-8681-2\">Chinese<\/label><\/li>\n<li><input id=\"mce-group[8681]-8681-3\" name=\"group[8681][134217728]\" type=\"checkbox\" value=\"134217728\" \/><label for=\"mce-group[8681]-8681-3\">Japanese<\/label><\/li>\n<li><input id=\"mce-group[8681]-8681-4\" name=\"group[8681][268435456]\" type=\"checkbox\" value=\"268435456\" \/><label for=\"mce-group[8681]-8681-4\">Korean<\/label><\/li>\n<\/ul>\n<\/div>\n<div class=\"mc-field-group input-group\">\n<p><strong>International Programs <\/strong><\/p>\n<ul>\n<li><input id=\"mce-group[8685]-8685-0\" name=\"group[8685][536870912]\" type=\"checkbox\" value=\"536870912\" \/><label for=\"mce-group[8685]-8685-0\">IB<\/label><\/li>\n<li><input id=\"mce-group[8685]-8685-1\" name=\"group[8685][1073741824]\" type=\"checkbox\" value=\"1073741824\" \/><label for=\"mce-group[8685]-8685-1\">AP<\/label><\/li>\n<li><input id=\"mce-group[8685]-8685-2\" name=\"group[8685][2147483648]\" type=\"checkbox\" value=\"2147483648\" \/><label for=\"mce-group[8685]-8685-2\">A-level<\/label><\/li>\n<li><input id=\"mce-group[8685]-8685-3\" name=\"group[8685][4294967296]\" type=\"checkbox\" value=\"4294967296\" \/><label for=\"mce-group[8685]-8685-3\">IGSCE<\/label><\/li>\n<li><input id=\"mce-group[8685]-8685-4\" name=\"group[8685][8589934592]\" type=\"checkbox\" value=\"8589934592\" \/><label for=\"mce-group[8685]-8685-4\">SAT<\/label><\/li>\n<\/ul>\n<\/div>\n<div class=\"mc-field-group input-group\">\n<p><strong>Other Subjects <\/strong><\/p>\n<ul>\n<li><input id=\"mce-group[8689]-8689-0\" name=\"group[8689][17179869184]\" type=\"checkbox\" value=\"17179869184\" \/><label for=\"mce-group[8689]-8689-0\"><input id=\"mce-MMERGE4\" class=\"\" style=\"height: 30px; border: 2px solid black; border-radius: 4px; width: 100px;\" name=\"MMERGE4\" type=\"text\" value=\"\" \/><\/label><\/li>\n<\/ul>\n<\/div>\n<div class=\"mc-field-group input-group\">\n<p><strong>Time <\/strong><\/p>\n<ul>\n<li><input id=\"mce-group[8669]-8669-0\" name=\"group[8669][32]\" type=\"checkbox\" value=\"32\" \/><label for=\"mce-group[8669]-8669-0\">08.30 \u2013 10.00<\/label><\/li>\n<li><input id=\"mce-group[8669]-8669-1\" name=\"group[8669][64]\" type=\"checkbox\" value=\"64\" \/><label for=\"mce-group[8669]-8669-1\">10.15 \u2013 11.45<\/label><\/li>\n<li><input id=\"mce-group[8669]-8669-2\" name=\"group[8669][128]\" type=\"checkbox\" value=\"128\" \/><label for=\"mce-group[8669]-8669-2\">13.30 \u2013 15.00<\/label><\/li>\n<li><input id=\"mce-group[8669]-8669-3\" name=\"group[8669][256]\" type=\"checkbox\" value=\"256\" \/><label for=\"mce-group[8669]-8669-3\">15.30 \u2013 17.00<\/label><\/li>\n<li><input id=\"mce-group[8669]-8669-4\" name=\"group[8669][512]\" type=\"checkbox\" value=\"512\" \/><label for=\"mce-group[8669]-8669-4\">17.15 \u2013 18.45<\/label><\/li>\n<li><input id=\"mce-group[8669]-8669-5\" name=\"group[8669][1024]\" type=\"checkbox\" value=\"1024\" \/><label for=\"mce-group[8669]-8669-5\">19.00 \u2013 20.30<\/label><\/li>\n<li><input id=\"mce-group[8669]-8669-6\" name=\"group[8669][262144]\" type=\"checkbox\" value=\"262144\" \/><label for=\"mce-group[8669]-8669-6\"><input id=\"mce-MMERGE6\" class=\"\" style=\"height: 30px; border: 2px solid black; border-radius: 4px; width: 100px;\" name=\"MMERGE6\" type=\"text\" value=\"\" \/><\/label><\/li>\n<\/ul>\n<\/div>\n<div class=\"mc-field-group input-group\">\n<p><strong>Day of studying <\/strong><\/p>\n<ul>\n<li><input id=\"mce-group[8673]-8673-0\" name=\"group[8673][2048]\" type=\"checkbox\" value=\"2048\" \/><label for=\"mce-group[8673]-8673-0\">Monday<\/label><\/li>\n<li><input id=\"mce-group[8673]-8673-1\" name=\"group[8673][4096]\" type=\"checkbox\" value=\"4096\" \/><label for=\"mce-group[8673]-8673-1\">Tuesday<\/label><\/li>\n<li><input id=\"mce-group[8673]-8673-2\" name=\"group[8673][8192]\" type=\"checkbox\" value=\"8192\" \/><label for=\"mce-group[8673]-8673-2\">Wednesday<\/label><\/li>\n<li><input id=\"mce-group[8673]-8673-3\" name=\"group[8673][16384]\" type=\"checkbox\" value=\"16384\" \/><label for=\"mce-group[8673]-8673-3\">Thursday<\/label><\/li>\n<li><input id=\"mce-group[8673]-8673-4\" name=\"group[8673][32768]\" type=\"checkbox\" value=\"32768\" \/><label for=\"mce-group[8673]-8673-4\">Friday<\/label><\/li>\n<li><input id=\"mce-group[8673]-8673-5\" name=\"group[8673][65536]\" type=\"checkbox\" value=\"65536\" \/><label for=\"mce-group[8673]-8673-5\">Satursday<\/label><\/li>\n<li><input id=\"mce-group[8673]-8673-6\" name=\"group[8673][131072]\" type=\"checkbox\" value=\"131072\" \/><label for=\"mce-group[8673]-8673-6\">Sunday<\/label><\/li>\n<\/ul>\n<\/div>\n<div class=\"mc-field-group input-group\">\n<p><strong>Anh\/ch\u1ecb bi\u1ebft Gia s\u01b0 qu\u1ed1c t\u1ebf t\u1eeb \u0111\u00e2u? <\/strong><\/p>\n<ul>\n<li><input id=\"mce-group[5817]-5817-0\" name=\"group[5817][1]\" type=\"checkbox\" value=\"1\" \/><label for=\"mce-group[5817]-5817-0\">Facebook<\/label><\/li>\n<li><input id=\"mce-group[5817]-5817-1\" name=\"group[5817][2]\" type=\"checkbox\" value=\"2\" \/><label for=\"mce-group[5817]-5817-1\">Newspapers<\/label><\/li>\n<li><input id=\"mce-group[5817]-5817-2\" name=\"group[5817][4]\" type=\"checkbox\" value=\"4\" \/><label for=\"mce-group[5817]-5817-2\">Leaflets<\/label><\/li>\n<li><input id=\"mce-group[5817]-5817-3\" name=\"group[5817][8]\" type=\"checkbox\" value=\"8\" \/><label for=\"mce-group[5817]-5817-3\">Internet<\/label><\/li>\n<li><input id=\"mce-group[5817]-5817-4\" name=\"group[5817][16]\" type=\"checkbox\" value=\"16\" \/><label for=\"mce-group[5817]-5817-4\">Others<\/label><\/li>\n<\/ul>\n<\/div>\n<div id=\"mce-responses\" class=\"clear\"><\/div>\n<p><!-- real people should not fill this in and expect good things - do not remove this or risk form bot signups--><\/p>\n<div style=\"position: absolute; left: -5000px;\"><input tabindex=\"-1\" name=\"b_6cf62aae5af31e5d3ea78f142_13ec7c0a29\" type=\"text\" value=\"\" \/><\/div>\n<div class=\"clear center_text\"><input id=\"mc-embedded-subscribe\" class=\"button\" style=\"height: 50px; border: 2px solid black; border-radius: 4px;\" name=\"subscribe\" type=\"submit\" value=\"Subscribe\" \/><\/div>\n<\/div>\n<\/form>\n<\/div>\n<p><script src=\"\/\/s3.amazonaws.com\/downloads.mailchimp.com\/js\/mc-validate.js\" type=\"text\/javascript\"><\/script><script type=\"text\/javascript\">\/\/ <![CDATA[\n(function($) {window.fnames = new Array(); window.ftypes = new Array();fnames[1]='FNAME';ftypes[1]='text';fnames[7]='MMERGE7';ftypes[7]='radio';fnames[8]='MMERGE8';ftypes[8]='text';fnames[2]='LNAME';ftypes[2]='text';fnames[0]='EMAIL';ftypes[0]='email';fnames[3]='MMERGE3';ftypes[3]='text';fnames[9]='MMERGE9';ftypes[9]='phone';fnames[5]='MMERGE5';ftypes[5]='dropdown';fnames[6]='MMERGE6';ftypes[6]='text';fnames[4]='MMERGE4';ftypes[4]='text';}(jQuery));var $mcj = jQuery.noConflict(true);\n\/\/ ]]><\/script><br \/>\n<!--End mc_embed_signup--><\/p>","protected":false},"excerpt":{"rendered":"<p>COURSE REGISTRATION *\u00a0Indicates required Student\u2019s name * Sexual Male Female School Parent\u2019s name * Email address * Home address * Phone * Kind of Studying * Learning in groupone to oneHome tutoring Scientific Subjects Maths Physics Chemistry Biology Science Economics Foreign Languages Communicative English Academic English Chinese Japanese Korean International Programs IB AP A-level IGSCE [&hellip;]<\/p>\n","protected":false},"author":1,"featured_media":0,"parent":0,"menu_order":0,"comment_status":"closed","ping_status":"closed","template":"","meta":{"footnotes":""},"class_list":["post-1609","page","type-page","status-publish","hentry"],"yoast_head":"<!-- This site is optimized with the Yoast SEO plugin v18.4.1 - https:\/\/yoast.com\/wordpress\/plugins\/seo\/ -->\n<title>Course Registration - iTutor<\/title>\n<meta name=\"description\" content=\"B\u1ea1n \u0111ang h\u1ecdc t\u1ea1i c\u00e1c tr\u01b0\u1eddng qu\u1ed1c t\u1ebf v\u00e0 mu\u1ed1n hi\u1ec3u b\u00e0i h\u01a1n sau gi\u1edd h\u1ecdc, h\u00e3y \u0111\u0103ng k\u00fd kh\u00f3a h\u1ecdc t\u1ea1i Gia s\u01b0 Qu\u1ed1c t\u1ebf - chuy\u00ean cung \u1ee9ng gia s\u01b0 d\u1ea1y b\u1eb1ng ti\u1ebfng Anh.\" \/>\n<meta name=\"robots\" content=\"index, follow, max-snippet:-1, max-image-preview:large, max-video-preview:-1\" \/>\n<link rel=\"canonical\" href=\"https:\/\/giasuquocte.edu.vn\/dang-ky-khoa-hoc\/\" \/>\n<meta property=\"og:locale\" content=\"en_US\" \/>\n<meta property=\"og:type\" content=\"article\" \/>\n<meta property=\"og:title\" content=\"[:en]Course Registration[:vi]\u0110\u0103ng k\u00fd kh\u00f3a h\u1ecdc[:] - iTutor\" \/>\n<meta property=\"og:description\" content=\"B\u1ea1n \u0111ang h\u1ecdc t\u1ea1i c\u00e1c tr\u01b0\u1eddng qu\u1ed1c t\u1ebf v\u00e0 mu\u1ed1n hi\u1ec3u b\u00e0i h\u01a1n sau gi\u1edd h\u1ecdc, h\u00e3y \u0111\u0103ng k\u00fd kh\u00f3a h\u1ecdc t\u1ea1i Gia s\u01b0 Qu\u1ed1c t\u1ebf - chuy\u00ean cung \u1ee9ng gia s\u01b0 d\u1ea1y b\u1eb1ng ti\u1ebfng Anh.\" \/>\n<meta property=\"og:url\" content=\"https:\/\/giasuquocte.edu.vn\/dang-ky-khoa-hoc\/\" \/>\n<meta property=\"og:site_name\" content=\"iTutor\" \/>\n<meta property=\"article:modified_time\" content=\"2016-08-23T07:51:44+00:00\" \/>\n<meta name=\"twitter:card\" content=\"summary\" \/>\n<meta name=\"twitter:label1\" content=\"Est. reading time\" \/>\n\t<meta name=\"twitter:data1\" content=\"2 minutes\" \/>\n<script type=\"application\/ld+json\" class=\"yoast-schema-graph\">{\"@context\":\"https:\/\/schema.org\",\"@graph\":[{\"@type\":\"WebSite\",\"@id\":\"https:\/\/giasuquocte.edu.vn\/#website\",\"url\":\"https:\/\/giasuquocte.edu.vn\/\",\"name\":\"iTutor\",\"description\":\"Gia S\u01b0 Ch\u01b0\u01a1ng Tr\u00ecnh Qu\u1ed1c T\u1ebf\",\"potentialAction\":[{\"@type\":\"SearchAction\",\"target\":{\"@type\":\"EntryPoint\",\"urlTemplate\":\"https:\/\/giasuquocte.edu.vn\/?s={search_term_string}\"},\"query-input\":\"required name=search_term_string\"}],\"inLanguage\":\"en-US\"},{\"@type\":\"WebPage\",\"@id\":\"https:\/\/giasuquocte.edu.vn\/dang-ky-khoa-hoc\/#webpage\",\"url\":\"https:\/\/giasuquocte.edu.vn\/dang-ky-khoa-hoc\/\",\"name\":\"[:en]Course Registration[:vi]\u0110\u0103ng k\u00fd kh\u00f3a h\u1ecdc[:] - iTutor\",\"isPartOf\":{\"@id\":\"https:\/\/giasuquocte.edu.vn\/#website\"},\"datePublished\":\"2016-01-23T11:36:44+00:00\",\"dateModified\":\"2016-08-23T07:51:44+00:00\",\"description\":\"B\u1ea1n \u0111ang h\u1ecdc t\u1ea1i c\u00e1c tr\u01b0\u1eddng qu\u1ed1c t\u1ebf v\u00e0 mu\u1ed1n hi\u1ec3u b\u00e0i h\u01a1n sau gi\u1edd h\u1ecdc, h\u00e3y \u0111\u0103ng k\u00fd kh\u00f3a h\u1ecdc t\u1ea1i Gia s\u01b0 Qu\u1ed1c t\u1ebf - chuy\u00ean cung \u1ee9ng gia s\u01b0 d\u1ea1y b\u1eb1ng ti\u1ebfng Anh.\",\"breadcrumb\":{\"@id\":\"https:\/\/giasuquocte.edu.vn\/dang-ky-khoa-hoc\/#breadcrumb\"},\"inLanguage\":\"en-US\",\"potentialAction\":[{\"@type\":\"ReadAction\",\"target\":[\"https:\/\/giasuquocte.edu.vn\/dang-ky-khoa-hoc\/\"]}]},{\"@type\":\"BreadcrumbList\",\"@id\":\"https:\/\/giasuquocte.edu.vn\/dang-ky-khoa-hoc\/#breadcrumb\",\"itemListElement\":[{\"@type\":\"ListItem\",\"position\":1,\"name\":\"Trang ch\u1ee7\",\"item\":\"https:\/\/giasuquocte.edu.vn\/\"},{\"@type\":\"ListItem\",\"position\":2,\"name\":\"\u0110\u0103ng k\u00fd kh\u00f3a h\u1ecdc\"}]}]}<\/script>\n<!-- \/ Yoast SEO plugin. -->","yoast_head_json":{"title":"[:en]Course Registration[:vi]\u0110\u0103ng k\u00fd kh\u00f3a h\u1ecdc[:] - iTutor","description":"B\u1ea1n \u0111ang h\u1ecdc t\u1ea1i c\u00e1c tr\u01b0\u1eddng qu\u1ed1c t\u1ebf v\u00e0 mu\u1ed1n hi\u1ec3u b\u00e0i h\u01a1n sau gi\u1edd h\u1ecdc, h\u00e3y \u0111\u0103ng k\u00fd kh\u00f3a h\u1ecdc t\u1ea1i Gia s\u01b0 Qu\u1ed1c t\u1ebf - chuy\u00ean cung \u1ee9ng gia s\u01b0 d\u1ea1y b\u1eb1ng ti\u1ebfng Anh.","robots":{"index":"index","follow":"follow","max-snippet":"max-snippet:-1","max-image-preview":"max-image-preview:large","max-video-preview":"max-video-preview:-1"},"canonical":"https:\/\/giasuquocte.edu.vn\/dang-ky-khoa-hoc\/","og_locale":"en_US","og_type":"article","og_title":"[:en]Course Registration[:vi]\u0110\u0103ng k\u00fd kh\u00f3a h\u1ecdc[:] - iTutor","og_description":"B\u1ea1n \u0111ang h\u1ecdc t\u1ea1i c\u00e1c tr\u01b0\u1eddng qu\u1ed1c t\u1ebf v\u00e0 mu\u1ed1n hi\u1ec3u b\u00e0i h\u01a1n sau gi\u1edd h\u1ecdc, h\u00e3y \u0111\u0103ng k\u00fd kh\u00f3a h\u1ecdc t\u1ea1i Gia s\u01b0 Qu\u1ed1c t\u1ebf - chuy\u00ean cung \u1ee9ng gia s\u01b0 d\u1ea1y b\u1eb1ng ti\u1ebfng Anh.","og_url":"https:\/\/giasuquocte.edu.vn\/dang-ky-khoa-hoc\/","og_site_name":"iTutor","article_modified_time":"2016-08-23T07:51:44+00:00","twitter_card":"summary","twitter_misc":{"Est. reading time":"2 minutes"},"schema":{"@context":"https:\/\/schema.org","@graph":[{"@type":"WebSite","@id":"https:\/\/giasuquocte.edu.vn\/#website","url":"https:\/\/giasuquocte.edu.vn\/","name":"iTutor","description":"Gia S\u01b0 Ch\u01b0\u01a1ng Tr\u00ecnh Qu\u1ed1c T\u1ebf","potentialAction":[{"@type":"SearchAction","target":{"@type":"EntryPoint","urlTemplate":"https:\/\/giasuquocte.edu.vn\/?s={search_term_string}"},"query-input":"required name=search_term_string"}],"inLanguage":"en-US"},{"@type":"WebPage","@id":"https:\/\/giasuquocte.edu.vn\/dang-ky-khoa-hoc\/#webpage","url":"https:\/\/giasuquocte.edu.vn\/dang-ky-khoa-hoc\/","name":"[:en]Course Registration[:vi]\u0110\u0103ng k\u00fd kh\u00f3a h\u1ecdc[:] - iTutor","isPartOf":{"@id":"https:\/\/giasuquocte.edu.vn\/#website"},"datePublished":"2016-01-23T11:36:44+00:00","dateModified":"2016-08-23T07:51:44+00:00","description":"B\u1ea1n \u0111ang h\u1ecdc t\u1ea1i c\u00e1c tr\u01b0\u1eddng qu\u1ed1c t\u1ebf v\u00e0 mu\u1ed1n hi\u1ec3u b\u00e0i h\u01a1n sau gi\u1edd h\u1ecdc, h\u00e3y \u0111\u0103ng k\u00fd kh\u00f3a h\u1ecdc t\u1ea1i Gia s\u01b0 Qu\u1ed1c t\u1ebf - chuy\u00ean cung \u1ee9ng gia s\u01b0 d\u1ea1y b\u1eb1ng ti\u1ebfng Anh.","breadcrumb":{"@id":"https:\/\/giasuquocte.edu.vn\/dang-ky-khoa-hoc\/#breadcrumb"},"inLanguage":"en-US","potentialAction":[{"@type":"ReadAction","target":["https:\/\/giasuquocte.edu.vn\/dang-ky-khoa-hoc\/"]}]},{"@type":"BreadcrumbList","@id":"https:\/\/giasuquocte.edu.vn\/dang-ky-khoa-hoc\/#breadcrumb","itemListElement":[{"@type":"ListItem","position":1,"name":"Trang ch\u1ee7","item":"https:\/\/giasuquocte.edu.vn\/"},{"@type":"ListItem","position":2,"name":"\u0110\u0103ng k\u00fd kh\u00f3a h\u1ecdc"}]}]}},"_links":{"self":[{"href":"https:\/\/giasuquocte.edu.vn\/en\/wp-json\/wp\/v2\/pages\/1609","targetHints":{"allow":["GET"]}}],"collection":[{"href":"https:\/\/giasuquocte.edu.vn\/en\/wp-json\/wp\/v2\/pages"}],"about":[{"href":"https:\/\/giasuquocte.edu.vn\/en\/wp-json\/wp\/v2\/types\/page"}],"author":[{"embeddable":true,"href":"https:\/\/giasuquocte.edu.vn\/en\/wp-json\/wp\/v2\/users\/1"}],"replies":[{"embeddable":true,"href":"https:\/\/giasuquocte.edu.vn\/en\/wp-json\/wp\/v2\/comments?post=1609"}],"version-history":[{"count":1,"href":"https:\/\/giasuquocte.edu.vn\/en\/wp-json\/wp\/v2\/pages\/1609\/revisions"}],"predecessor-version":[{"id":8375,"href":"https:\/\/giasuquocte.edu.vn\/en\/wp-json\/wp\/v2\/pages\/1609\/revisions\/8375"}],"wp:attachment":[{"href":"https:\/\/giasuquocte.edu.vn\/en\/wp-json\/wp\/v2\/media?parent=1609"}],"curies":[{"name":"wp","href":"https:\/\/api.w.org\/{rel}","templated":true}]}}