{"id":1607,"date":"2016-01-23T11:36:25","date_gmt":"2016-01-23T11:36:25","guid":{"rendered":"http:\/\/www.giasuquocte.edu.vn\/?page_id=1607"},"modified":"2019-09-26T16:13:11","modified_gmt":"2019-09-26T09:13:11","slug":"dang-ky-giang-day","status":"publish","type":"page","link":"https:\/\/giasuquocte.edu.vn\/en\/dang-ky-giang-day\/","title":{"rendered":"TEACHING REGISTRATION"},"content":{"rendered":"<p><!-- Begin MailChimp Signup Form --><\/p>\n<div id=\"mc_embed_signup\">\n<form id=\"mc-embedded-subscribe-form\" class=\"validate\" style=\"border-style: groove;\" action=\"\/\/giasuquocte.us12.list-manage.com\/subscribe\/post?u=6cf62aae5af31e5d3ea78f142&amp;id=81b6954ceb\" method=\"post\" name=\"mc-embedded-subscribe-form\" novalidate=\"\" target=\"_blank\">\n<div id=\"mc_embed_signup_scroll\">\n<h2 style=\"text-align: center; color: green;\">TEACHING REGISTRATION<\/h2>\n<div class=\"indicates-required\"><span class=\"asterisk\">*<\/span> indicates required<\/div>\n<div class=\"mc-field-group\"><label for=\"mce-FNAME\">Teacher\u2019s name <span class=\"asterisk\">*<\/span><br \/>\n<\/label><br \/>\n<input id=\"mce-FNAME\" class=\"required\" name=\"FNAME\" type=\"text\" value=\"\" \/><\/div>\n<div class=\"mc-field-group input-group\"><strong>Sex <span class=\"asterisk\">*<\/span><br \/>\n<\/strong><\/p>\n<ul>\n<li><input id=\"mce-MMERGE8-0\" name=\"MMERGE8\" type=\"radio\" value=\"Male\" \/><label for=\"mce-MMERGE8-0\">Male<\/label><\/li>\n<li><input id=\"mce-MMERGE8-1\" name=\"MMERGE8\" type=\"radio\" value=\"Female\" \/><label for=\"mce-MMERGE8-1\">Female<\/label><\/li>\n<\/ul>\n<\/div>\n<div class=\"mc-field-group\"><label for=\"mce-LNAME\">Address <span class=\"asterisk\">*<\/span><br \/>\n<\/label><br \/>\n<input id=\"mce-LNAME\" class=\"required\" name=\"LNAME\" type=\"text\" value=\"\" \/><\/div>\n<div class=\"mc-field-group\"><label for=\"mce-EMAIL\">Email Address <span class=\"asterisk\">*<\/span><br \/>\n<\/label><br \/>\n<input id=\"mce-EMAIL\" class=\"required email\" name=\"EMAIL\" type=\"email\" value=\"\" \/><\/div>\n<div class=\"mc-field-group size1of2\"><label for=\"mce-MMERGE5\">Phone <span class=\"asterisk\">*<\/span><br \/>\n<\/label><br \/>\n<input id=\"mce-MMERGE5\" class=\"required\" name=\"MMERGE5\" type=\"text\" value=\"\" \/><\/div>\n<div class=\"mc-field-group\"><label for=\"mce-MMERGE6\">School <span class=\"asterisk\">*<\/span><br \/>\n<\/label><br \/>\n<input id=\"mce-MMERGE6\" class=\"required\" name=\"MMERGE6\" type=\"text\" value=\"\" \/><\/div>\n<div class=\"mc-field-group input-group\">\n<p><strong>Scientific Subjects <\/strong><\/p>\n<ul>\n<li><input id=\"mce-group[8693]-8693-0\" name=\"group[8693][32]\" type=\"checkbox\" value=\"32\" \/><label for=\"mce-group[8693]-8693-0\">Maths<\/label><\/li>\n<li><input id=\"mce-group[8693]-8693-1\" name=\"group[8693][64]\" type=\"checkbox\" value=\"64\" \/><label for=\"mce-group[8693]-8693-1\">Physics<\/label><\/li>\n<li><input id=\"mce-group[8693]-8693-2\" name=\"group[8693][128]\" type=\"checkbox\" value=\"128\" \/><label for=\"mce-group[8693]-8693-2\">Chemistry<\/label><\/li>\n<li><input id=\"mce-group[8693]-8693-3\" name=\"group[8693][256]\" type=\"checkbox\" value=\"256\" \/><label for=\"mce-group[8693]-8693-3\">Biology<\/label><\/li>\n<li><input id=\"mce-group[8693]-8693-4\" name=\"group[8693][512]\" type=\"checkbox\" value=\"512\" \/><label for=\"mce-group[8693]-8693-4\">Science<\/label><\/li>\n<\/ul>\n<\/div>\n<div class=\"mc-field-group input-group\">\n<p><strong>Foreign Languages <\/strong><\/p>\n<ul>\n<li><input id=\"mce-group[8697]-8697-0\" name=\"group[8697][1024]\" type=\"checkbox\" value=\"1024\" \/><label for=\"mce-group[8697]-8697-0\">Communicative English<\/label><\/li>\n<li><input id=\"mce-group[8697]-8697-1\" name=\"group[8697][2048]\" type=\"checkbox\" value=\"2048\" \/><label for=\"mce-group[8697]-8697-1\">Academic English<\/label><\/li>\n<li><input id=\"mce-group[8697]-8697-2\" name=\"group[8697][4096]\" type=\"checkbox\" value=\"4096\" \/><label for=\"mce-group[8697]-8697-2\">Chinese<\/label><\/li>\n<li><input id=\"mce-group[8697]-8697-3\" name=\"group[8697][8192]\" type=\"checkbox\" value=\"8192\" \/><label for=\"mce-group[8697]-8697-3\">Japanese<\/label><\/li>\n<li><input id=\"mce-group[8697]-8697-4\" name=\"group[8697][16384]\" type=\"checkbox\" value=\"16384\" \/><label for=\"mce-group[8697]-8697-4\">Korean<\/label><\/li>\n<\/ul>\n<\/div>\n<div class=\"mc-field-group input-group\">\n<p><strong>International Programs <\/strong><\/p>\n<ul>\n<li><input id=\"mce-group[8701]-8701-0\" name=\"group[8701][32768]\" type=\"checkbox\" value=\"32768\" \/><label for=\"mce-group[8701]-8701-0\">IB<\/label><\/li>\n<li><input id=\"mce-group[8701]-8701-1\" name=\"group[8701][65536]\" type=\"checkbox\" value=\"65536\" \/><label for=\"mce-group[8701]-8701-1\">AP<\/label><\/li>\n<li><input id=\"mce-group[8701]-8701-2\" name=\"group[8701][131072]\" type=\"checkbox\" value=\"131072\" \/><label for=\"mce-group[8701]-8701-2\">A-level<\/label><\/li>\n<li><input id=\"mce-group[8701]-8701-3\" name=\"group[8701][262144]\" type=\"checkbox\" value=\"262144\" \/><label for=\"mce-group[8701]-8701-3\">IGCSE<\/label><\/li>\n<li><input id=\"mce-group[8701]-8701-4\" name=\"group[8701][524288]\" type=\"checkbox\" value=\"524288\" \/><label for=\"mce-group[8701]-8701-4\">SAT<\/label><\/li>\n<\/ul>\n<\/div>\n<div class=\"mc-field-group input-group\">\n<p><strong>Other Subjects <\/strong><\/p>\n<ul>\n<li><input id=\"mce-group[8713]-8713-0\" name=\"group[8713][1048576]\" type=\"checkbox\" value=\"1048576\" \/><label for=\"mce-group[8713]-8713-0\"><input id=\"mce-MMERGE3\" class=\"\" style=\"height: 30px; border: 2px solid black; border-radius: 4px; width: 100px;\" name=\"MMERGE3\" type=\"text\" value=\"\" \/><\/label><\/li>\n<\/ul>\n<\/div>\n<div class=\"mc-field-group input-group\">\n<p><strong>Time <\/strong><\/p>\n<ul>\n<li><input id=\"mce-group[8717]-8717-0\" name=\"group[8717][2097152]\" type=\"checkbox\" value=\"2097152\" \/><label for=\"mce-group[8717]-8717-0\">08.30 \u2013 10.00<\/label><\/li>\n<li><input id=\"mce-group[8717]-8717-1\" name=\"group[8717][4194304]\" type=\"checkbox\" value=\"4194304\" \/><label for=\"mce-group[8717]-8717-1\">10.15 \u2013 11.45<\/label><\/li>\n<li><input id=\"mce-group[8717]-8717-2\" name=\"group[8717][8388608]\" type=\"checkbox\" value=\"8388608\" \/><label for=\"mce-group[8717]-8717-2\">13.30 \u2013 15.00<\/label><\/li>\n<li><input id=\"mce-group[8717]-8717-3\" name=\"group[8717][16777216]\" type=\"checkbox\" value=\"16777216\" \/><label for=\"mce-group[8717]-8717-3\">15.30 \u2013 17.00<\/label><\/li>\n<li><input id=\"mce-group[8717]-8717-4\" name=\"group[8717][33554432]\" type=\"checkbox\" value=\"33554432\" \/><label for=\"mce-group[8717]-8717-4\">17.15 \u2013 18.45<\/label><\/li>\n<li><input id=\"mce-group[8717]-8717-5\" name=\"group[8717][67108864]\" type=\"checkbox\" value=\"67108864\" \/><label for=\"mce-group[8717]-8717-5\">19.00 \u2013 20.30<\/label><\/li>\n<li><input id=\"mce-group[8717]-8717-6\" name=\"group[8717][134217728]\" type=\"checkbox\" value=\"134217728\" \/><label for=\"mce-group[8717]-8717-6\"><input id=\"mce-MMERGE4\" class=\"\" style=\"height: 30px; border: 2px solid black; border-radius: 4px; width: 100px;\" name=\"MMERGE4\" type=\"text\" value=\"\" \/><\/label><\/li>\n<\/ul>\n<\/div>\n<div class=\"mc-field-group input-group\">\n<p><strong>Day of teaching <\/strong><\/p>\n<ul>\n<li><input id=\"mce-group[8721]-8721-0\" name=\"group[8721][268435456]\" type=\"checkbox\" value=\"268435456\" \/><label for=\"mce-group[8721]-8721-0\">Monday<\/label><\/li>\n<li><input id=\"mce-group[8721]-8721-1\" name=\"group[8721][536870912]\" type=\"checkbox\" value=\"536870912\" \/><label for=\"mce-group[8721]-8721-1\">Tuesday<\/label><\/li>\n<li><input id=\"mce-group[8721]-8721-2\" name=\"group[8721][1073741824]\" type=\"checkbox\" value=\"1073741824\" \/><label for=\"mce-group[8721]-8721-2\">Wednesday<\/label><\/li>\n<li><input id=\"mce-group[8721]-8721-3\" name=\"group[8721][2147483648]\" type=\"checkbox\" value=\"2147483648\" \/><label for=\"mce-group[8721]-8721-3\">Thursday<\/label><\/li>\n<li><input id=\"mce-group[8721]-8721-4\" name=\"group[8721][4294967296]\" type=\"checkbox\" value=\"4294967296\" \/><label for=\"mce-group[8721]-8721-4\">Friday<\/label><\/li>\n<li><input id=\"mce-group[8721]-8721-5\" name=\"group[8721][8589934592]\" type=\"checkbox\" value=\"8589934592\" \/><label for=\"mce-group[8721]-8721-5\">Saturday<\/label><\/li>\n<li><input id=\"mce-group[8721]-8721-6\" name=\"group[8721][17179869184]\" type=\"checkbox\" value=\"17179869184\" \/><label for=\"mce-group[8721]-8721-6\">Sunday<\/label><\/li>\n<\/ul>\n<\/div>\n<div class=\"mc-field-group input-group\">\n<p><strong>Anh\/ch\u1ecb bi\u1ebft Gia s\u01b0 qu\u1ed1c t\u1ebf t\u1eeb \u0111\u00e2u <\/strong><\/p>\n<ul>\n<li><input id=\"mce-group[5825]-5825-0\" name=\"group[5825][1]\" type=\"checkbox\" value=\"1\" \/><label for=\"mce-group[5825]-5825-0\">Facebook<\/label><\/li>\n<li><input id=\"mce-group[5825]-5825-1\" name=\"group[5825][2]\" type=\"checkbox\" value=\"2\" \/><label for=\"mce-group[5825]-5825-1\">Newspapers<\/label><\/li>\n<li><input id=\"mce-group[5825]-5825-2\" name=\"group[5825][4]\" type=\"checkbox\" value=\"4\" \/><label for=\"mce-group[5825]-5825-2\">Leaflets<\/label><\/li>\n<li><input id=\"mce-group[5825]-5825-3\" name=\"group[5825][8]\" type=\"checkbox\" value=\"8\" \/><label for=\"mce-group[5825]-5825-3\">Internet<\/label><\/li>\n<li><input id=\"mce-group[5825]-5825-4\" name=\"group[5825][16]\" type=\"checkbox\" value=\"16\" \/><label for=\"mce-group[5825]-5825-4\">Others<\/label><\/li>\n<\/ul>\n<\/div>\n<div id=\"mce-responses\" class=\"clear\"><\/div>\n<p><!-- real people should not fill this in and expect good things - do not remove this or risk form bot signups--><\/p>\n<div style=\"position: absolute; left: -5000px;\"><input tabindex=\"-1\" name=\"b_6cf62aae5af31e5d3ea78f142_81b6954ceb\" type=\"text\" value=\"\" \/><\/div>\n<div class=\"clear center_text\"><input id=\"mc-embedded-subscribe\" class=\"button\" style=\"height: 50px; border: 2px solid black; border-radius: 4px;\" name=\"subscribe\" type=\"submit\" value=\"SUBSCRIBE\" \/><\/div>\n<\/div>\n<\/form>\n<\/div>\n<p><script src=\"\/\/s3.amazonaws.com\/downloads.mailchimp.com\/js\/mc-validate.js\" type=\"text\/javascript\"><\/script><script type=\"text\/javascript\">\/\/ <![CDATA[\n(function($) {window.fnames = new Array(); window.ftypes = new Array();fnames[1]='FNAME';ftypes[1]='text';fnames[8]='MMERGE8';ftypes[8]='radio';fnames[2]='LNAME';ftypes[2]='text';fnames[0]='EMAIL';ftypes[0]='email';fnames[5]='MMERGE5';ftypes[5]='phone';fnames[6]='MMERGE6';ftypes[6]='text';fnames[3]='MMERGE3';ftypes[3]='text';fnames[4]='MMERGE4';ftypes[4]='text'; \/* * Translated default messages for the $ validation plugin. * Locale: VI (Vietnamese) *\/ $.extend($.validator.messages, { required: \"H\u00e3y nh\u1eadp.\", remote: \"H\u00e3y s\u1eeda cho \u0111\u00fang.\", email: \"H\u00e3y nh\u1eadp email.\", url: \"H\u00e3y nh\u1eadp URL.\", date: \"H\u00e3y nh\u1eadp ng\u00e0y.\", dateISO: \"H\u00e3y nh\u1eadp ng\u00e0y (ISO).\", number: \"H\u00e3y nh\u1eadp s\u1ed1.\", digits: \"H\u00e3y nh\u1eadp ch\u1eef s\u1ed1.\", creditcard: \"H\u00e3y nh\u1eadp s\u1ed1 th\u1ebb t\u00edn d\u1ee5ng.\", equalTo: \"H\u00e3y nh\u1eadp th\u00eam l\u1ea7n n\u1eefa.\", accept: \"Ph\u1ea7n m\u1edf r\u1ed9ng kh\u00f4ng \u0111\u00fang.\", maxlength: $.format(\"H\u00e3y nh\u1eadp t\u1eeb {0} k\u00ed t\u1ef1 tr\u1edf xu\u1ed1ng.\"), minlength: $.format(\"H\u00e3y nh\u1eadp t\u1eeb {0} k\u00ed t\u1ef1 tr\u1edf l\u00ean.\"), rangelength: $.format(\"H\u00e3y nh\u1eadp t\u1eeb {0} \u0111\u1ebfn {1} k\u00ed t\u1ef1.\"), range: $.format(\"H\u00e3y nh\u1eadp t\u1eeb {0} \u0111\u1ebfn {1}.\"), max: $.format(\"H\u00e3y nh\u1eadp t\u1eeb {0} tr\u1edf xu\u1ed1ng.\"), min: $.format(\"H\u00e3y nh\u1eadp t\u1eeb {1} tr\u1edf l\u00ean.\") });}(jQuery));var $mcj = jQuery.noConflict(true);<br \/>\n\/\/ ]]><\/script><br \/>\n<!--End mc_embed_signup--><\/p>","protected":false},"excerpt":{"rendered":"<p>TEACHING REGISTRATION * indicates required Teacher\u2019s name * Sex * Male Female Address * Email Address * Phone * School * Scientific Subjects Maths Physics Chemistry Biology Science Foreign Languages Communicative English Academic English Chinese Japanese Korean International Programs IB AP A-level IGCSE SAT Other Subjects Time 08.30 \u2013 10.00 10.15 \u2013 11.45 13.30 \u2013 [&hellip;]<\/p>\n","protected":false},"author":1,"featured_media":0,"parent":0,"menu_order":0,"comment_status":"closed","ping_status":"closed","template":"","meta":{"footnotes":""},"class_list":["post-1607","page","type-page","status-publish","hentry"],"yoast_head":"<!-- This site is optimized with the Yoast SEO plugin v18.4.1 - https:\/\/yoast.com\/wordpress\/plugins\/seo\/ -->\n<title>TEACHING REGISTRATION - iTutor<\/title>\n<meta name=\"robots\" content=\"index, follow, max-snippet:-1, max-image-preview:large, max-video-preview:-1\" \/>\n<link rel=\"canonical\" href=\"https:\/\/giasuquocte.edu.vn\/dang-ky-giang-day\/\" \/>\n<meta property=\"og:locale\" content=\"en_US\" \/>\n<meta property=\"og:type\" content=\"article\" \/>\n<meta property=\"og:title\" content=\"[:en]TEACHING REGISTRATION[:vi]\u0110\u0103ng k\u00fd gi\u1ea3ng d\u1ea1y[:] - iTutor\" \/>\n<meta property=\"og:description\" content=\"TEACHING REGISTRATION * indicates required Teacher\u2019s name * Sex * Male Female Address * Email Address * Phone * School * Scientific Subjects Maths Physics Chemistry Biology Science Foreign Languages Communicative English Academic English Chinese Japanese Korean International Programs IB AP A-level IGCSE SAT Other Subjects Time 08.30 \u2013 10.00 10.15 \u2013 11.45 13.30 \u2013 [&hellip;]\" \/>\n<meta property=\"og:url\" content=\"https:\/\/giasuquocte.edu.vn\/dang-ky-giang-day\/\" \/>\n<meta property=\"og:site_name\" content=\"iTutor\" \/>\n<meta property=\"article:modified_time\" content=\"2019-09-26T09:13:11+00:00\" \/>\n<meta name=\"twitter:card\" content=\"summary\" \/>\n<meta name=\"twitter:label1\" content=\"Est. reading time\" \/>\n\t<meta name=\"twitter:data1\" content=\"1 minute\" \/>\n<script type=\"application\/ld+json\" class=\"yoast-schema-graph\">{\"@context\":\"https:\/\/schema.org\",\"@graph\":[{\"@type\":\"WebSite\",\"@id\":\"https:\/\/giasuquocte.edu.vn\/#website\",\"url\":\"https:\/\/giasuquocte.edu.vn\/\",\"name\":\"iTutor\",\"description\":\"Gia S\u01b0 Ch\u01b0\u01a1ng Tr\u00ecnh Qu\u1ed1c T\u1ebf\",\"potentialAction\":[{\"@type\":\"SearchAction\",\"target\":{\"@type\":\"EntryPoint\",\"urlTemplate\":\"https:\/\/giasuquocte.edu.vn\/?s={search_term_string}\"},\"query-input\":\"required name=search_term_string\"}],\"inLanguage\":\"en-US\"},{\"@type\":\"WebPage\",\"@id\":\"https:\/\/giasuquocte.edu.vn\/dang-ky-giang-day\/#webpage\",\"url\":\"https:\/\/giasuquocte.edu.vn\/dang-ky-giang-day\/\",\"name\":\"[:en]TEACHING REGISTRATION[:vi]\u0110\u0103ng k\u00fd gi\u1ea3ng d\u1ea1y[:] - iTutor\",\"isPartOf\":{\"@id\":\"https:\/\/giasuquocte.edu.vn\/#website\"},\"datePublished\":\"2016-01-23T11:36:25+00:00\",\"dateModified\":\"2019-09-26T09:13:11+00:00\",\"breadcrumb\":{\"@id\":\"https:\/\/giasuquocte.edu.vn\/dang-ky-giang-day\/#breadcrumb\"},\"inLanguage\":\"en-US\",\"potentialAction\":[{\"@type\":\"ReadAction\",\"target\":[\"https:\/\/giasuquocte.edu.vn\/dang-ky-giang-day\/\"]}]},{\"@type\":\"BreadcrumbList\",\"@id\":\"https:\/\/giasuquocte.edu.vn\/dang-ky-giang-day\/#breadcrumb\",\"itemListElement\":[{\"@type\":\"ListItem\",\"position\":1,\"name\":\"Trang ch\u1ee7\",\"item\":\"https:\/\/giasuquocte.edu.vn\/\"},{\"@type\":\"ListItem\",\"position\":2,\"name\":\"\u0110\u0103ng k\u00fd gi\u1ea3ng d\u1ea1y\"}]}]}<\/script>\n<!-- \/ Yoast SEO plugin. -->","yoast_head_json":{"title":"[:en]TEACHING REGISTRATION[:vi]\u0110\u0103ng k\u00fd gi\u1ea3ng d\u1ea1y[:] - iTutor","robots":{"index":"index","follow":"follow","max-snippet":"max-snippet:-1","max-image-preview":"max-image-preview:large","max-video-preview":"max-video-preview:-1"},"canonical":"https:\/\/giasuquocte.edu.vn\/dang-ky-giang-day\/","og_locale":"en_US","og_type":"article","og_title":"[:en]TEACHING REGISTRATION[:vi]\u0110\u0103ng k\u00fd gi\u1ea3ng d\u1ea1y[:] - iTutor","og_description":"TEACHING REGISTRATION * indicates required Teacher\u2019s name * Sex * Male Female Address * Email Address * Phone * School * Scientific Subjects Maths Physics Chemistry Biology Science Foreign Languages Communicative English Academic English Chinese Japanese Korean International Programs IB AP A-level IGCSE SAT Other Subjects Time 08.30 \u2013 10.00 10.15 \u2013 11.45 13.30 \u2013 [&hellip;]","og_url":"https:\/\/giasuquocte.edu.vn\/dang-ky-giang-day\/","og_site_name":"iTutor","article_modified_time":"2019-09-26T09:13:11+00:00","twitter_card":"summary","twitter_misc":{"Est. reading time":"1 minute"},"schema":{"@context":"https:\/\/schema.org","@graph":[{"@type":"WebSite","@id":"https:\/\/giasuquocte.edu.vn\/#website","url":"https:\/\/giasuquocte.edu.vn\/","name":"iTutor","description":"Gia S\u01b0 Ch\u01b0\u01a1ng Tr\u00ecnh Qu\u1ed1c T\u1ebf","potentialAction":[{"@type":"SearchAction","target":{"@type":"EntryPoint","urlTemplate":"https:\/\/giasuquocte.edu.vn\/?s={search_term_string}"},"query-input":"required name=search_term_string"}],"inLanguage":"en-US"},{"@type":"WebPage","@id":"https:\/\/giasuquocte.edu.vn\/dang-ky-giang-day\/#webpage","url":"https:\/\/giasuquocte.edu.vn\/dang-ky-giang-day\/","name":"[:en]TEACHING REGISTRATION[:vi]\u0110\u0103ng k\u00fd gi\u1ea3ng d\u1ea1y[:] - iTutor","isPartOf":{"@id":"https:\/\/giasuquocte.edu.vn\/#website"},"datePublished":"2016-01-23T11:36:25+00:00","dateModified":"2019-09-26T09:13:11+00:00","breadcrumb":{"@id":"https:\/\/giasuquocte.edu.vn\/dang-ky-giang-day\/#breadcrumb"},"inLanguage":"en-US","potentialAction":[{"@type":"ReadAction","target":["https:\/\/giasuquocte.edu.vn\/dang-ky-giang-day\/"]}]},{"@type":"BreadcrumbList","@id":"https:\/\/giasuquocte.edu.vn\/dang-ky-giang-day\/#breadcrumb","itemListElement":[{"@type":"ListItem","position":1,"name":"Trang ch\u1ee7","item":"https:\/\/giasuquocte.edu.vn\/"},{"@type":"ListItem","position":2,"name":"\u0110\u0103ng k\u00fd gi\u1ea3ng d\u1ea1y"}]}]}},"_links":{"self":[{"href":"https:\/\/giasuquocte.edu.vn\/en\/wp-json\/wp\/v2\/pages\/1607","targetHints":{"allow":["GET"]}}],"collection":[{"href":"https:\/\/giasuquocte.edu.vn\/en\/wp-json\/wp\/v2\/pages"}],"about":[{"href":"https:\/\/giasuquocte.edu.vn\/en\/wp-json\/wp\/v2\/types\/page"}],"author":[{"embeddable":true,"href":"https:\/\/giasuquocte.edu.vn\/en\/wp-json\/wp\/v2\/users\/1"}],"replies":[{"embeddable":true,"href":"https:\/\/giasuquocte.edu.vn\/en\/wp-json\/wp\/v2\/comments?post=1607"}],"version-history":[{"count":1,"href":"https:\/\/giasuquocte.edu.vn\/en\/wp-json\/wp\/v2\/pages\/1607\/revisions"}],"predecessor-version":[{"id":6799,"href":"https:\/\/giasuquocte.edu.vn\/en\/wp-json\/wp\/v2\/pages\/1607\/revisions\/6799"}],"wp:attachment":[{"href":"https:\/\/giasuquocte.edu.vn\/en\/wp-json\/wp\/v2\/media?parent=1607"}],"curies":[{"name":"wp","href":"https:\/\/api.w.org\/{rel}","templated":true}]}}